{"id":1341,"date":"2025-02-19T16:10:04","date_gmt":"2025-02-19T15:10:04","guid":{"rendered":"https:\/\/monumental-valois.com\/ponte-en-contacto-con\/"},"modified":"2026-02-11T15:24:00","modified_gmt":"2026-02-11T14:24:00","slug":"ponte-en-contacto-con","status":"publish","type":"page","link":"https:\/\/monumental-valois.com\/es\/ponte-en-contacto-con\/","title":{"rendered":"Ponte en contacto con"},"content":{"rendered":"\n<div class=\"wp-block-group alignwide\"><div class=\"wp-block-group__inner-container is-layout-constrained wp-block-group-is-layout-constrained\">\n<div class=\"wp-block-columns alignwide is-layout-flex wp-container-core-columns-is-layout-28f84493 wp-block-columns-is-layout-flex\">\n<div class=\"wp-block-column is-layout-flow wp-block-column-is-layout-flow\" style=\"flex-basis:70%\">\n<p class=\"has-28-px-font-size\">\u00bfQuieres saber m\u00e1s sobre determinadas obras o participar en proyectos de la Communaut\u00e9 de Communes du Pays de Valois? Utiliza el formulario de contacto o env\u00eda tu solicitud a info@monumental-valois.fr<\/p>\n<\/div>\n\n\n\n<div class=\"wp-block-column is-layout-flow wp-block-column-is-layout-flow\" style=\"flex-basis:30%\"><\/div>\n<\/div>\n<\/div><\/div>\n\n<div style=\"height:190px\" aria-hidden=\"true\" class=\"wp-block-spacer\"><\/div>\n\n<div class=\"wp-block-group alignfull is-style-fond-blanc-jaune\"><div class=\"wp-block-group__inner-container is-layout-constrained wp-block-group-is-layout-constrained\">\n<div class=\"wp-block-columns alignwide are-vertically-aligned-top is-style-espace-60-px is-layout-flex wp-container-core-columns-is-layout-28f84493 wp-block-columns-is-layout-flex\">\n<div class=\"wp-block-column is-vertically-aligned-top is-layout-flow wp-block-column-is-layout-flow\" style=\"flex-basis:30%\">\n<p><\/p>\n\n\n<div class=\"lazyblock-bloc-adresse-9NAPt wp-block-lazyblock-bloc-adresse\">\n<div class=\"bloc-adresse\">\n  <div class=\"logos\">\n    <a href=\"https:\/\/monumental-valois.com\">\n  <img decoding=\"async\" src=\"https:\/\/monumental-valois.com\/wp-content\/themes\/monumental-valois\/images\/logo-monumental-valois-footer.svg\">\n  <\/a>\n  <a href=\"https:\/\/www.cc-paysdevalois.fr\/\" title=\"Communaut\u00e9 de Communes du Pays de Valois\" target=\"_blank\" rel=\"noopener\">\n<img decoding=\"async\" src=\"https:\/\/monumental-valois.com\/wp-content\/themes\/monumental-valois\/images\/logo-ccpv-nb.svg\" alt=\"Communaut\u00e9 de Communes du Pays de Valois\">\n<\/a>\n  <\/div>\n  <p class=\"titre-adr\">COMMUNAUT\u00c9 DE COMMUNES \r\nDU PAYS DE VALOIS<\/p>\n  <p class=\"texte-adr\">62 rue de Soissons<br>\n60800 Cr\u00e9py-en-Valois<\/p>\n\n <p class=\"mail-tel\">\n <a href=\"tel:+33361589190\" rel=\"nofollow\" class=\"tel\" title=\"Contacta con nosotros por tel\u00e9fono\">+33 3 61 58 91 90<\/a>\n<br>\n <a href=\"mailto:&#105;&#110;&#102;&#111;&#64;&#109;&#111;&#110;&#117;&#109;&#101;&#110;&#116;&#97;&#108;&#45;&#118;&#97;&#108;&#111;&#105;&#115;&#46;&#102;&#114;\" rel=\"nofollow\" class=\"mail\" target=\"_blank\" title=\"Contacta con nosotros por correo electr\u00f3nico\">&#105;&#110;&#102;&#111;&#64;&#109;&#111;&#110;&#117;&#109;&#101;&#110;&#116;&#97;&#108;&#45;&#118;&#97;&#108;&#111;&#105;&#115;&#46;&#102;&#114;<\/a>\n <\/p>\n\n <div class=\"reseaux\">\n                            <p>\u00a1S\u00edguenos en las redes sociales!<\/p>\n                            <a href=\"https:\/\/www.facebook.com\/CCPaysdeValois\/?locale=fr_FR\" rel=\"nofollow noopener\" target=\"_blank\" class=\"picto-facebook\"><\/a>\n                            <a href=\"\" rel=\"nofollow\" target=\"_blank\" class=\"picto-x\"><\/a>\n                            <a href=\"https:\/\/www.instagram.com\/ccpaysdevalois\/\" rel=\"nofollow noopener\" target=\"_blank\" class=\"picto-instagram\"><\/a>\n                        <\/div>\n\n<\/div><\/div><\/div>\n\n\n\n<div class=\"wp-block-column is-vertically-aligned-top has-jaune-background-color has-background is-layout-flow wp-block-column-is-layout-flow\" style=\"flex-basis:70%\">\n<div class=\"wp-block-group alignfull is-style-haut-100-pcx has-jaune-background-color has-background\"><div class=\"wp-block-group__inner-container is-layout-constrained wp-block-group-is-layout-constrained\"><div class=\"frm_forms \" id=\"frm_form_3_container\" data-token=\"7038a4e0ee390d1935360470662f87bd\">\n<form enctype=\"multipart\/form-data\" method=\"post\" class=\"frm-show-form  frm_pro_form \" id=\"form_devenir-partenaire-fr2\" data-token=\"7038a4e0ee390d1935360470662f87bd\">\n<div class=\"frm_form_fields \">\n<fieldset>\n<legend class=\"frm_screen_reader\">Contacto FR<\/legend>\r\n\r\n<div class=\"frm_fields_container\">\n<input type=\"hidden\" name=\"frm_action\" value=\"create\" \/>\n<input type=\"hidden\" name=\"form_id\" value=\"3\" \/>\n<input type=\"hidden\" name=\"frm_hide_fields_3\" id=\"frm_hide_fields_3\" value=\"\" \/>\n<input type=\"hidden\" name=\"form_key\" value=\"devenir-partenaire-fr2\" \/>\n<input type=\"hidden\" name=\"item_meta[0]\" value=\"\" \/>\n<input type=\"hidden\" id=\"frm_submit_entry_3\" name=\"frm_submit_entry_3\" value=\"2a05b0ab55\" \/><input type=\"hidden\" name=\"_wp_http_referer\" value=\"\/es\/wp-json\/wp\/v2\/pages\/1341\" \/><div id=\"frm_field_23_container\" class=\"frm_form_field form-field  frm_none_container\">\r\n\t<label for=\"field_uzv7w\" id=\"field_uzv7w_label\" class=\"frm_primary_label\">T\u00fa eres\r\n\t\t<span class=\"frm_required\" aria-hidden=\"true\"><\/span>\r\n\t<\/label>\r\n\t\t\t<select name=\"item_meta[23]\" id=\"field_uzv7w\"  data-frmval=\"Vous \u00eates ?\" data-invmsg=\"T\u00fa eres  no es v\u00e1lido\" aria-invalid=\"false\"  >\n\t\t<option  value=\"Vous \u00eates ?\" selected='selected'>\u00bfQui\u00e9n eres t\u00fa?<\/option><option  value=\"Un artiste\">Un artista<\/option><option  value=\"Un visiteur\">Un visitante<\/option><option  value=\"Un journaliste\">Un periodista<\/option><option  value=\"Autre\">Otros<\/option>\t<\/select>\n\t\r\n\t\r\n\t\r\n<\/div>\n<div id=\"frm_field_14_container\" class=\"frm_form_field form-field  frm_required_field frm_none_container frm6 frm_first\">\r\n\t<label for=\"field_722vx2\" id=\"field_722vx2_label\" class=\"frm_primary_label\">Nombre\r\n\t\t<span class=\"frm_required\" aria-hidden=\"true\">*<\/span>\r\n\t<\/label>\r\n\t<input  type=\"text\" id=\"field_722vx2\" name=\"item_meta[14]\" value=\"\"  placeholder=\"Nombre\" data-reqmsg=\"Votre nom est obligatoire.\" aria-required=\"true\" data-invmsg=\"Nombre  no es v\u00e1lido\" aria-invalid=\"false\"   \/>\r\n\t\r\n\t\r\n<\/div>\n<div id=\"frm_field_15_container\" class=\"frm_form_field form-field  frm_required_field frm_none_container frm6\">\r\n\t<label for=\"field_iyzf2\" id=\"field_iyzf2_label\" class=\"frm_primary_label\">Nombre\r\n\t\t<span class=\"frm_required\" aria-hidden=\"true\">*<\/span>\r\n\t<\/label>\r\n\t<input  type=\"text\" id=\"field_iyzf2\" name=\"item_meta[15]\" value=\"\"  placeholder=\"Nombre\" data-reqmsg=\"Votre pr\u00e9nom est obligatoire.\" aria-required=\"true\" data-invmsg=\"Nombre  no es v\u00e1lido\" aria-invalid=\"false\"   \/>\r\n\t\r\n\t\r\n<\/div>\n<div id=\"frm_field_16_container\" class=\"frm_form_field form-field  frm_required_field frm_none_container frm6 frm_first\">\r\n\t<label for=\"field_hf9lp2\" id=\"field_hf9lp2_label\" class=\"frm_primary_label\">Tel\u00e9fono\r\n\t\t<span class=\"frm_required\" aria-hidden=\"true\">*<\/span>\r\n\t<\/label>\r\n\t<input  type=\"text\" id=\"field_hf9lp2\" name=\"item_meta[16]\" value=\"\"  placeholder=\"Tel\u00e9fono\" data-reqmsg=\"Votre N\u00b0 de t\u00e9l\u00e9phone est obligatoire.\" aria-required=\"true\" data-invmsg=\"Tel\u00e9fono  no es v\u00e1lido\" aria-invalid=\"false\"   \/>\r\n\t\r\n\t\r\n<\/div>\n<div id=\"frm_field_17_container\" class=\"frm_form_field form-field  frm_required_field frm_none_container frm6\">\r\n\t<label for=\"field_48cj12\" id=\"field_48cj12_label\" class=\"frm_primary_label\">Correo eletr\u00f3nico\r\n\t\t<span class=\"frm_required\" aria-hidden=\"true\">*<\/span>\r\n\t<\/label>\r\n\t<input type=\"email\" id=\"field_48cj12\" name=\"item_meta[17]\" value=\"\"  placeholder=\"Correo eletr\u00f3nico\" data-reqmsg=\"l&#039;adresse email est obligatoire.\" aria-required=\"true\" data-invmsg=\"Format non valide\" aria-invalid=\"false\"  \/>\r\n\t\r\n\t\r\n<\/div>\n<div id=\"frm_field_18_container\" class=\"frm_form_field form-field  frm_required_field frm_none_container frm6 frm_first\">\r\n\t<label for=\"field_n6ypr2\" id=\"field_n6ypr2_label\" class=\"frm_primary_label\">Funci\u00f3n\r\n\t\t<span class=\"frm_required\" aria-hidden=\"true\">*<\/span>\r\n\t<\/label>\r\n\t<input  type=\"text\" id=\"field_n6ypr2\" name=\"item_meta[18]\" value=\"\"  placeholder=\"Funci\u00f3n\" data-reqmsg=\"Votre fonction est obligatoire.\" aria-required=\"true\" data-invmsg=\"Funci\u00f3n  no es v\u00e1lido\" aria-invalid=\"false\"   \/>\r\n\t\r\n\t\r\n<\/div>\n<div id=\"frm_field_19_container\" class=\"frm_form_field form-field  frm_required_field frm_none_container frm6\">\r\n\t<label for=\"field_2ei2t2\" id=\"field_2ei2t2_label\" class=\"frm_primary_label\">Organizaci\u00f3n \/ Empresa\r\n\t\t<span class=\"frm_required\" aria-hidden=\"true\">*<\/span>\r\n\t<\/label>\r\n\t<input  type=\"text\" id=\"field_2ei2t2\" name=\"item_meta[19]\" value=\"\"  placeholder=\"Organizaci\u00f3n \/ Empresa\" data-reqmsg=\"le nom de votre entreprise est obligatoire.\" aria-required=\"true\" data-invmsg=\"Organizaci\u00f3n \/ Empresa  no es v\u00e1lido\" aria-invalid=\"false\"   \/>\r\n\t\r\n\t\r\n<\/div>\n<div id=\"frm_field_22_container\" class=\"frm_form_field form-field  frm_none_container\">\r\n\t<label for=\"field_jkbad\" id=\"field_jkbad_label\" class=\"frm_primary_label\">Asunto\r\n\t\t<span class=\"frm_required\" aria-hidden=\"true\"><\/span>\r\n\t<\/label>\r\n\t<input  type=\"text\" id=\"field_jkbad\" name=\"item_meta[22]\" value=\"\"  placeholder=\"Asunto\" data-invmsg=\"Asunto  no es v\u00e1lido\" aria-invalid=\"false\"   \/>\r\n\t\r\n\t\r\n<\/div>\n<div id=\"frm_field_20_container\" class=\"frm_form_field form-field  frm_none_container\">\r\n\t<label for=\"field_52z802\" id=\"field_52z802_label\" class=\"frm_primary_label\">Tu mensaje\r\n\t\t<span class=\"frm_required\" aria-hidden=\"true\"><\/span>\r\n\t<\/label>\r\n\t<textarea name=\"item_meta[20]\" id=\"field_52z802\" rows=\"5\"  placeholder=\"Tu mensaje\" data-invmsg=\"Veuillez pr\u00e9ciser votre demande\" aria-invalid=\"false\"  ><\/textarea>\r\n\t\r\n\t\r\n<\/div>\n<div id=\"frm_field_27_container\" class=\"frm_form_field form-field  frm_none_container\">\r\n\t<label for=\"g-recaptcha-response\" id=\"field_oyk8z_label\" class=\"frm_primary_label\">Captcha\r\n\t\t<span class=\"frm_required\" aria-hidden=\"true\"><\/span>\r\n\t<\/label>\r\n\t<div  id=\"field_oyk8z\" class=\"frm-g-recaptcha\" data-sitekey=\"6Le5sGYsAAAAAO_SeluSUH8VRLz6GMKOHNIzjQmk\" data-size=\"invisible\" data-theme=\"light\"><\/div>\r\n\t\r\n\t\r\n<\/div>\n<div id=\"frm_field_21_container\" class=\"frm_form_field form-field  frm12 frm_first\">\r\n\t<div class=\"frm_submit frm_flex\">\r\n<button class=\"frm_button_submit frm_final_submit\" type=\"submit\"   formnovalidate=\"formnovalidate\">Env\u00eda tu mensaje<\/button>\r\n\r\n\r\n\r\n<\/div>\r\n<\/div>\n\t<input type=\"hidden\" name=\"item_key\" value=\"\" \/>\n\t\t\t<div id=\"frm_field_29_container\">\n\t\t\t<label for=\"field_tfuy3\" >\n\t\t\t\tSi eres humano, deja este campo en blanco.\t\t\t<\/label>\n\t\t\t<input  id=\"field_tfuy3\" type=\"text\" class=\"frm_form_field form-field frm_verify\" name=\"item_meta[29]\" value=\"\"  \/>\n\t\t<\/div>\n\t\t<input name=\"frm_state\" type=\"hidden\" value=\"38iA+71jWihSungVu\/WHiyi6xOjKQalDr7oCOug4noNREV3inywTH1yC29FhdA3P\" \/><\/div>\n<\/fieldset>\n<\/div>\n\n<\/form>\n<\/div>\n<\/div><\/div>\n<\/div>\n<\/div>\n<\/div><\/div>\n<div class=\"lazyblock-image-et-rectangle-jaune-1XBMzA alignfull alignfull  wp-block-lazyblock-image-et-rectangle-jaune\">\n<div class=\"image-fond\" style=\"background-image: url(https:\/\/monumental-valois.com\/wp-content\/themes\/monumental-valois\/images\/canal-ourc.jpg);\">\n  <div class=\"opaque\">\n  <div class=\"tour-wrapper\">\n    <div class=\"tour\">\n  <div class=\"rectangle-1\"><\/div>\n  <div class=\"rectangle-2\"><\/div>\n  <\/div>\n  <\/div>\n  <div class=\"zone-texte\">\n  <p> \u00a1Nos vemos pronto en <br \/>\nle Pays de Valois!<\/p>\n  <\/div>\n  <\/div>\n<\/div><\/div>","protected":false},"excerpt":{"rendered":"<p>\u00bfQuieres saber m\u00e1s sobre determinadas obras o participar en proyectos de la Communaut\u00e9 de Communes du Pays de Valois? Utiliza [&hellip;]<\/p>\n","protected":false},"author":1,"featured_media":0,"parent":0,"menu_order":0,"comment_status":"closed","ping_status":"closed","template":"page-contact.php","meta":{"footnotes":""},"class_list":["post-1341","page","type-page","status-publish","hentry"],"_links":{"self":[{"href":"https:\/\/monumental-valois.com\/es\/wp-json\/wp\/v2\/pages\/1341","targetHints":{"allow":["GET"]}}],"collection":[{"href":"https:\/\/monumental-valois.com\/es\/wp-json\/wp\/v2\/pages"}],"about":[{"href":"https:\/\/monumental-valois.com\/es\/wp-json\/wp\/v2\/types\/page"}],"author":[{"embeddable":true,"href":"https:\/\/monumental-valois.com\/es\/wp-json\/wp\/v2\/users\/1"}],"replies":[{"embeddable":true,"href":"https:\/\/monumental-valois.com\/es\/wp-json\/wp\/v2\/comments?post=1341"}],"version-history":[{"count":0,"href":"https:\/\/monumental-valois.com\/es\/wp-json\/wp\/v2\/pages\/1341\/revisions"}],"wp:attachment":[{"href":"https:\/\/monumental-valois.com\/es\/wp-json\/wp\/v2\/media?parent=1341"}],"curies":[{"name":"wp","href":"https:\/\/api.w.org\/{rel}","templated":true}]}}